{"id":323,"date":"2017-04-11T11:14:38","date_gmt":"2017-04-11T09:14:38","guid":{"rendered":"http:\/\/adviseconsulting.fr\/mentions-legales\/"},"modified":"2018-08-14T09:21:54","modified_gmt":"2018-08-14T07:21:54","slug":"terms-and-conditions","status":"publish","type":"page","link":"https:\/\/adviseconsulting.fr\/en\/terms-and-conditions\/","title":{"rendered":"Terms and conditions"},"content":{"rendered":"<div id=\"pl-323\"  class=\"panel-layout\" ><div id=\"pg-323-0\"  class=\"panel-grid panel-has-style\" ><div class=\"container panel-row-style panel-row-style-for-323-0\" ><div id=\"pgc-323-0-0\"  class=\"panel-grid-cell\" ><div id=\"panel-323-0-0-0\" class=\"so-panel widget widget_sow-editor panel-first-child panel-last-child\" data-index=\"0\" ><div\n\t\t\t\n\t\t\tclass=\"so-widget-sow-editor so-widget-sow-editor-base\"\n\t\t\t\n\t\t><h3 class=\"widget-title\">Mentions l\u00e9gales<\/h3>\n<div class=\"siteorigin-widget-tinymce textwidget\">\n\t<p><strong>Website creation :<\/strong><br \/>\nCreated by Groupe IDCOM \u2013 Bourg en Bresse : contact@idcomcrea.fr \u2013 Phone. 04 69 19 34 65 \u2013 <a href=\"http:\/\/www.idcomcrea.fr\" target=\"_blank\" rel=\"noopener\">www.idcomcrea.fr<\/a>.<\/p>\n<p><strong>Owner :<\/strong><br \/>\nAdvise consulting - M\u00e9rand \u00c9ric<\/p>\n<p><strong>Hosting :<\/strong><br \/>\nOVH.<\/p>\n<p><strong><b class=\"b5\">Intellectual property rights<\/b> :<\/strong><br \/>\nToute reproduction ou rediffusion, quel que soit le support, de tout ou partie de ce site web autres que celles pr\u00e9vues dans l\u2019article L 122-5 du Code de la propri\u00e9t\u00e9 intellectuelle est interdite sans l\u2019autorisation \u00e9crite pr\u00e9alable de l\u2019auteur, conform\u00e9ment aux articles L 111-1, L 122-1 et L 122-4 du Code de la propri\u00e9t\u00e9 intellectuelle.<\/p>\n<p><strong>Contact :<\/strong><br \/>\nContact Advise Consulting by filling our form on the contact page.<\/p>\n<\/div>\n<\/div><\/div><\/div><\/div><\/div><\/div>","protected":false},"excerpt":{"rendered":"<p>Website creation : Created by Groupe IDCOM \u2013 Bourg en Bresse : contact@idcomcrea.fr \u2013 Phone. 04 69 19 34 65 \u2013 www.idcomcrea.fr. Owner : Advise consulting &#8211; M\u00e9rand \u00c9ric Hosting : OVH. Intellectual property rights : Toute reproduction ou rediffusion, quel que soit le support, de tout ou partie de ce site web autres que [&hellip;]<\/p>\n","protected":false},"author":1,"featured_media":0,"parent":0,"menu_order":0,"comment_status":"closed","ping_status":"closed","template":"","meta":{"_exactmetrics_skip_tracking":false,"_exactmetrics_sitenote_active":false,"_exactmetrics_sitenote_note":"","_exactmetrics_sitenote_category":0},"acf":[],"_links":{"self":[{"href":"https:\/\/adviseconsulting.fr\/en\/wp-json\/wp\/v2\/pages\/323\/"}],"collection":[{"href":"https:\/\/adviseconsulting.fr\/en\/wp-json\/wp\/v2\/pages\/"}],"about":[{"href":"https:\/\/adviseconsulting.fr\/en\/wp-json\/wp\/v2\/types\/page\/"}],"author":[{"embeddable":true,"href":"https:\/\/adviseconsulting.fr\/en\/wp-json\/wp\/v2\/users\/1\/"}],"replies":[{"embeddable":true,"href":"https:\/\/adviseconsulting.fr\/en\/wp-json\/wp\/v2\/comments\/?post=323"}],"version-history":[{"count":2,"href":"https:\/\/adviseconsulting.fr\/en\/wp-json\/wp\/v2\/pages\/323\/revisions\/"}],"predecessor-version":[{"id":325,"href":"https:\/\/adviseconsulting.fr\/en\/wp-json\/wp\/v2\/pages\/323\/revisions\/325\/"}],"wp:attachment":[{"href":"https:\/\/adviseconsulting.fr\/en\/wp-json\/wp\/v2\/media\/?parent=323"}],"curies":[{"name":"wp","href":"https:\/\/api.w.org\/{rel}","templated":true}]}}