{"id":236,"date":"2017-04-11T11:13:43","date_gmt":"2017-04-11T09:13:43","guid":{"rendered":"http:\/\/adviseconsulting.fr\/?page_id=236"},"modified":"2024-11-28T17:44:46","modified_gmt":"2024-11-28T16:44:46","slug":"accueil","status":"publish","type":"page","link":"https:\/\/adviseconsulting.fr\/en\/","title":{"rendered":"Home"},"content":{"rendered":"<div id=\"pl-236\"  class=\"panel-layout\" ><div id=\"pg-236-0\"  class=\"panel-grid panel-has-style\" ><div id=\"zone-orange\" class=\"panel-row-style panel-row-style-for-236-0\" ><div id=\"pgc-236-0-0\"  class=\"panel-grid-cell\" ><div id=\"panel-236-0-0-0\" class=\"so-panel widget widget_sow-editor panel-first-child panel-last-child\" data-index=\"0\" ><div class=\"wow slideInRight panel-widget-style panel-widget-style-for-236-0-0-0\" ><div\n\t\t\t\n\t\t\tclass=\"so-widget-sow-editor so-widget-sow-editor-base\"\n\t\t\t\n\t\t><h3 class=\"widget-title\">Experience dedicated to your success<\/h3>\n<div class=\"siteorigin-widget-tinymce textwidget\">\n\t<p>Sports Leisure activities Culture Events<\/p>\n<\/div>\n<\/div><\/div><\/div><\/div><\/div><\/div><div id=\"pg-236-1\"  class=\"panel-grid panel-has-style\" ><div class=\"container panel-row-style panel-row-style-for-236-1\" ><div id=\"pgc-236-1-0\"  class=\"panel-grid-cell\" ><div id=\"panel-236-1-0-0\" class=\"so-panel widget widget_sow-editor panel-first-child panel-last-child\" data-index=\"1\" ><div class=\"panel-widget-style panel-widget-style-for-236-1-0-0\" ><div\n\t\t\t\n\t\t\tclass=\"so-widget-sow-editor so-widget-sow-editor-base\"\n\t\t\t\n\t\t><h3 class=\"widget-title\">Turn your dreams into reality<\/h3>\n<div class=\"siteorigin-widget-tinymce textwidget\">\n\t<p>Advise specializes in the definition, organization, and management of structures and projects, both public and private:<\/p>\n<ul>\n<li>Projects for local authorities, associations, and companies<\/li>\n<li>Construction and operation of facilities<\/li>\n<li>Temporary installations<\/li>\n<li>Sporting and cultural events<\/li>\n<\/ul>\n<p>&nbsp;<\/p>\n<p>The knowledge and experience gained through:<\/p>\n<ul>\n<li>Project management, planning, and operation of the stadium, training center, academy, offices, and museum of Olympique Lyonnais from 2006 to 2018<\/li>\n<li>Management of the site development program for Paris 2024 from 2018 to 2023<\/li>\n<li>Direction of football tournaments and the sites in Nantes, Bordeaux, Saint-\u00c9tienne, Lyon, and Lille for basketball and handball, as well as Ch\u00e2teauroux for shooting and para-shooting at Paris 2024 from 2023 to 2024<\/li>\n<li>Management of technological operations at non-competition sites for Paris 2024 from 2023 to 2024<\/li>\n<li>Volunteer responsibilities and missions for the FFR, the Regional Olympic and Sports Committee (CROS), the Auvergne-Rh\u00f4ne-Alpes Rugby League, and the Villefranche-sur-Sa\u00f4ne Rugby Club<\/li>\n<\/ul>\n<p>can benefit federations, leagues, clubs, project owners, major facility operators, or event organizers.<\/p>\n<\/div>\n<\/div><\/div><\/div><\/div><div id=\"pgc-236-1-1\"  class=\"panel-grid-cell\" ><div id=\"panel-236-1-1-0\" class=\"so-panel widget widget_sow-image panel-first-child panel-last-child\" data-index=\"2\" ><div class=\"panel-widget-style panel-widget-style-for-236-1-1-0\" ><div\n\t\t\t\n\t\t\tclass=\"so-widget-sow-image so-widget-sow-image-default-8b5b6f678277-236\"\n\t\t\t\n\t\t>\n\n<div class=\"sow-image-container\">\n\t\t<img src=\"https:\/\/adviseconsulting.fr\/wp-content\/uploads\/2017\/04\/accueil-1.jpg\" width=\"400\" height=\"745\" srcset=\"https:\/\/adviseconsulting.fr\/wp-content\/uploads\/2017\/04\/accueil-1.jpg 400w, https:\/\/adviseconsulting.fr\/wp-content\/uploads\/2017\/04\/accueil-1-161x300.jpg 161w\" sizes=\"(max-width: 400px) 100vw, 400px\" alt=\"\" loading=\"lazy\" \t\tclass=\"so-widget-image\"\/>\n\t<\/div>\n\n<\/div><\/div><\/div><\/div><\/div><\/div><div id=\"pg-236-2\"  class=\"panel-grid panel-no-style\" ><div id=\"pgc-236-2-0\"  class=\"panel-grid-cell panel-grid-cell-mobile-last\" ><div id=\"panel-236-2-0-0\" class=\"so-panel widget widget_sow-editor panel-first-child panel-last-child\" data-index=\"3\" ><div class=\"panel-widget-style panel-widget-style-for-236-2-0-0\" ><div\n\t\t\t\n\t\t\tclass=\"so-widget-sow-editor so-widget-sow-editor-base\"\n\t\t\t\n\t\t>\n<div class=\"siteorigin-widget-tinymce textwidget\">\n\t<p>Advise has the ability to address all your challenges and to call on specialized partners with recognized expertise and proven collaborations. Advise is a member of Event &amp; Venue Experts.<\/p>\n<p>&nbsp;<\/p>\n<p><strong>Advise Consulting: an individual and collective experience dedicated to the success of our clients, their projects, and their activities.<\/strong><\/p>\n<\/div>\n<\/div><\/div><\/div><\/div><div id=\"pgc-236-2-1\"  class=\"panel-grid-cell panel-grid-cell-empty\" ><\/div><\/div><div id=\"pg-236-3\"  class=\"panel-grid panel-no-style\" ><div id=\"pgc-236-3-0\"  class=\"panel-grid-cell\" ><div id=\"panel-236-3-0-0\" class=\"so-panel widget widget_sow-editor panel-first-child panel-last-child\" data-index=\"4\" ><div class=\"panel-widget-style panel-widget-style-for-236-3-0-0\" ><div\n\t\t\t\n\t\t\tclass=\"so-widget-sow-editor so-widget-sow-editor-base\"\n\t\t\t\n\t\t><h3 class=\"widget-title\">Our references<\/h3>\n<div class=\"siteorigin-widget-tinymce textwidget\">\n\t<div id=\"owl-home\" class=\"owl-carousel\"><a href=\"#\" \"> <img src=\"https:\/\/adviseconsulting.fr\/wp-content\/uploads\/2019\/03\/1200px-Minist\u00e8re_des_Sports.svg_-237x300.png\" alt=\"Minist\u00e8re des sports\" \/><\/a><a href=\"#\" \"> <img src=\"https:\/\/adviseconsulting.fr\/wp-content\/uploads\/2019\/03\/1200px-Logo_F\u00e9d\u00e9ration_Fran\u00e7aise_Football_2018.svg_-279x300.png\" alt=\"F\u00e9d\u00e9ration Fran\u00e7aise de Football\" \/><\/a><a href=\"#\" \"> <img src=\"https:\/\/adviseconsulting.fr\/wp-content\/uploads\/2019\/03\/Logo_LFP-200x300.png\" alt=\"Ligue de football professionnel\" \/><\/a><a href=\"#\" \"> <img src=\"https:\/\/adviseconsulting.fr\/wp-content\/uploads\/2019\/03\/logo-anlsp-300x88.png\" alt=\"Association nationale des ligues de sport professionnel\" \/><\/a><a href=\"#\" \"> <img src=\"https:\/\/adviseconsulting.fr\/wp-content\/uploads\/2019\/03\/1200px-Ligue_National_de_handball_2016_logo.svg_-273x300.png\" alt=\"LNH\" \/><\/a><a href=\"#\" \"> <img src=\"https:\/\/adviseconsulting.fr\/wp-content\/uploads\/2019\/03\/lnb-300x300.png\" alt=\"Ligue nationale de basketball\" \/><\/a><a href=\"#\" \"> <img src=\"https:\/\/adviseconsulting.fr\/wp-content\/uploads\/2024\/11\/france-rugby-min-1-300x300.png\" alt=\"France Rugby\" \/><\/a><a href=\"#\" \"> <img src=\"https:\/\/adviseconsulting.fr\/wp-content\/uploads\/2019\/03\/Ligue_nationale_de_rugby_depuis_2016.svg_-165x300.png\" alt=\"Ligue nationale de rugby\" \/><\/a><a href=\"#\" \"> <img src=\"https:\/\/adviseconsulting.fr\/wp-content\/uploads\/2024\/11\/rugby-ara-min-1-300x219.png\" alt=\"Rugby ARA\" \/><\/a><a href=\"#\" \"> <img src=\"https:\/\/adviseconsulting.fr\/wp-content\/uploads\/2024\/11\/csv-rugby-min-300x184.jpg\" alt=\"CSV Rugby\" \/><\/a><a href=\"#\" \"> <img src=\"https:\/\/adviseconsulting.fr\/wp-content\/uploads\/2019\/03\/Logo_JO_d\u00e9t\u00e9_-_Paris_2024-146x300.png\" alt=\"Jeux Olympiques Paris 2024\" \/><\/a><a href=\"#\" \"> <img src=\"https:\/\/adviseconsulting.fr\/wp-content\/uploads\/2019\/03\/DOvxT0pXcAAG8tP-300x300.jpg\" alt=\"Rugby World Cup France 2023\" \/><\/a><a href=\"#\" \"> <img src=\"https:\/\/adviseconsulting.fr\/wp-content\/uploads\/2024\/11\/marathon-beaujolais-min-1-300x300.jpg\" alt=\"20e Marathon du Beaujolais\" \/><\/a><a href=\"#\" \"> <img src=\"https:\/\/adviseconsulting.fr\/wp-content\/uploads\/2025\/01\/banque-territoires-min-300x61.jpg\" alt=\"Banque des Territoires\" \/><\/a><a href=\"#\" \"> <img src=\"https:\/\/adviseconsulting.fr\/wp-content\/uploads\/2019\/03\/Olympique_lyonnais_logo.svg_-260x300.png\" alt=\"Olympique Lyonnais\" \/><\/a><a href=\"#\" \"> <img src=\"https:\/\/adviseconsulting.fr\/wp-content\/uploads\/2019\/03\/Montpellier_H\u00e9rault_Sport_Club_logo_2000.svg_-300x300.png\" alt=\"Montpellier H\u00e9rault Sport Club\" \/><\/a><a href=\"#\" \"> <img src=\"https:\/\/adviseconsulting.fr\/wp-content\/uploads\/2019\/03\/857px-FC-Metz.svg_-251x300.png\" alt=\"FC Metz\" \/><\/a><a href=\"#\" \"> <img src=\"https:\/\/adviseconsulting.fr\/wp-content\/uploads\/2024\/11\/brest-min-1-248x300.png\" alt=\"Stade Brestois 29\" \/><\/a><a href=\"#\" \"> <img src=\"https:\/\/adviseconsulting.fr\/wp-content\/uploads\/2024\/11\/gre-min-267x300.png\" alt=\"Grenoble Foot 38\" \/><\/a><a href=\"#\" \"> <img src=\"https:\/\/adviseconsulting.fr\/wp-content\/uploads\/2024\/11\/om-min-1-236x300.png\" alt=\"Olympique de Marseille\" \/><\/a><a href=\"#\" \"> <img src=\"https:\/\/adviseconsulting.fr\/wp-content\/uploads\/2019\/03\/Logo_SIG_strasbourg-165x300.jpg\" alt=\"SIG\" \/><\/a><a href=\"#\" \"> <img src=\"https:\/\/adviseconsulting.fr\/wp-content\/uploads\/2019\/03\/asvel-logo-300x300.jpg\" alt=\"LDLC ADVEL\" \/><\/a><a href=\"#\" \"> <img src=\"https:\/\/adviseconsulting.fr\/wp-content\/uploads\/2019\/03\/1200px-Logo_USA_Perpignan_2017.svg_-237x300.png\" alt=\"USAP\" \/><\/a><a href=\"#\" \"> <img src=\"https:\/\/adviseconsulting.fr\/wp-content\/uploads\/2019\/03\/782px-Logo_Stade_fran\u00e7ais_PR_2018.svg_-229x300.png\" alt=\"SF Paris\" \/><\/a><a href=\"#\" \"> <img src=\"https:\/\/adviseconsulting.fr\/wp-content\/uploads\/2019\/03\/866px-Logo_FC_Grenoble_Rugby.svg_-254x300.png\" alt=\"FC Grenoble\" \/><\/a><a href=\"#\" \"> <img src=\"https:\/\/adviseconsulting.fr\/wp-content\/uploads\/2024\/11\/comet-min-300x94.png\" alt=\"CO'Met Orl\u00e9ans m\u00e9tropole\" \/><\/a><a href=\"#\" \"> <img src=\"https:\/\/adviseconsulting.fr\/wp-content\/uploads\/2024\/11\/ldlc-arena-min-1-300x300.jpg\" alt=\"LDLC Arena\" \/><\/a><a href=\"#\" \"> <img src=\"https:\/\/adviseconsulting.fr\/wp-content\/uploads\/2019\/03\/parc-des-oiseaux-300x98.jpg\" alt=\"Parc des oiseaux\" \/><\/a><a href=\"#\" \"> <img src=\"https:\/\/adviseconsulting.fr\/wp-content\/uploads\/2019\/03\/EMlyon-300x149.png\" alt=\"EM Lyon Business School\" \/><\/a><a href=\"#\" \"> <img src=\"https:\/\/adviseconsulting.fr\/wp-content\/uploads\/2025\/01\/institut-lumiere-min-300x300.png\" alt=\"Institut Lumi\u00e8re\" \/><\/a><a href=\"#\" \"> <img src=\"https:\/\/adviseconsulting.fr\/wp-content\/uploads\/2019\/03\/serm-montpellier-300x194.jpg\" alt=\"SERM\" \/><\/a><a href=\"#\" \"> <img src=\"https:\/\/adviseconsulting.fr\/wp-content\/uploads\/2019\/03\/Logo-Dcb1801.png\" alt=\"DCB International\" \/><\/a><a href=\"#\" \"> <img src=\"https:\/\/adviseconsulting.fr\/wp-content\/uploads\/2019\/03\/tgl-logo-300x213.jpg\" alt=\"TGL Group\" \/><\/a><a href=\"#\" \"> <img src=\"https:\/\/adviseconsulting.fr\/wp-content\/uploads\/2019\/03\/Logo_Bouygues_Immobilier-300x136.png\" alt=\"Bouygues Immobilier\" \/><\/a><a href=\"#\" \"> <img src=\"https:\/\/adviseconsulting.fr\/wp-content\/uploads\/2019\/03\/Bouygues_Construction_logo.svg_-300x154.png\" alt=\"Bouygues Construction\" \/><\/a><a href=\"#\" \"> <img src=\"https:\/\/adviseconsulting.fr\/wp-content\/uploads\/2025\/01\/groupe-ote-min-300x224.png\" alt=\"Groupe OTE\" \/><\/a><a href=\"#\" \"> <img src=\"https:\/\/adviseconsulting.fr\/wp-content\/uploads\/2025\/01\/cdes-min-300x270.png\" alt=\"Centre du Droit et de l'Economie du Sport\" \/><\/a><a href=\"#\" \"> <img src=\"https:\/\/adviseconsulting.fr\/wp-content\/uploads\/2024\/11\/mba-esg-min-1-300x300.png\" alt=\"MBA ESG\" \/><\/a><a href=\"#\" \"> <img src=\"https:\/\/adviseconsulting.fr\/wp-content\/uploads\/2024\/11\/olbia-min-1-300x93.png\" alt=\"Olbia Conseil\" \/><\/a><a href=\"#\" \"> <img src=\"https:\/\/adviseconsulting.fr\/wp-content\/uploads\/2025\/09\/GF38-244x300.png\" alt=\"Grenoble foot 38\" \/><\/a><\/div>\n<\/div>\n<\/div><\/div><\/div><\/div><\/div><\/div>","protected":false},"excerpt":{"rendered":"<p>Sports Leisure activities Culture Events Advise specializes in the definition, organization, and management of structures and projects, both public and private: Projects for local authorities, associations, and companies Construction and operation of facilities Temporary installations Sporting and cultural events &nbsp; The knowledge and experience gained through: Project management, planning, and operation of the stadium, training [&hellip;]<\/p>\n","protected":false},"author":1,"featured_media":0,"parent":0,"menu_order":0,"comment_status":"closed","ping_status":"closed","template":"","meta":{"_exactmetrics_skip_tracking":false,"_exactmetrics_sitenote_active":false,"_exactmetrics_sitenote_note":"","_exactmetrics_sitenote_category":0},"acf":[],"_links":{"self":[{"href":"https:\/\/adviseconsulting.fr\/en\/wp-json\/wp\/v2\/pages\/236\/"}],"collection":[{"href":"https:\/\/adviseconsulting.fr\/en\/wp-json\/wp\/v2\/pages\/"}],"about":[{"href":"https:\/\/adviseconsulting.fr\/en\/wp-json\/wp\/v2\/types\/page\/"}],"author":[{"embeddable":true,"href":"https:\/\/adviseconsulting.fr\/en\/wp-json\/wp\/v2\/users\/1\/"}],"replies":[{"embeddable":true,"href":"https:\/\/adviseconsulting.fr\/en\/wp-json\/wp\/v2\/comments\/?post=236"}],"version-history":[{"count":40,"href":"https:\/\/adviseconsulting.fr\/en\/wp-json\/wp\/v2\/pages\/236\/revisions\/"}],"predecessor-version":[{"id":769,"href":"https:\/\/adviseconsulting.fr\/en\/wp-json\/wp\/v2\/pages\/236\/revisions\/769\/"}],"wp:attachment":[{"href":"https:\/\/adviseconsulting.fr\/en\/wp-json\/wp\/v2\/media\/?parent=236"}],"curies":[{"name":"wp","href":"https:\/\/api.w.org\/{rel}","templated":true}]}}